{"id":352,"date":"2015-08-03T03:39:24","date_gmt":"2015-08-03T03:39:24","guid":{"rendered":"http:\/\/builder.zooka.io\/?page_id=352"},"modified":"2017-03-26T17:35:37","modified_gmt":"2017-03-26T17:35:37","slug":"design-build-package","status":"publish","type":"page","link":"https:\/\/www.stropy-filigran.pl\/?page_id=352","title":{"rendered":"Referencje"},"content":{"rendered":"[vc_row][vc_column][vc_custom_heading text=&#8221;Referencje&#8221; font_container=&#8221;tag:div|font_size:26|text_align:left|color:%23000000&#8243; use_theme_fonts=&#8221;yes&#8221; css=&#8221;.vc_custom_1490549711309{margin-bottom: 20px !important;}&#8221;][vc_custom_heading text=&#8221;Zawdzi\u0119czamy sw\u00f3j sukces dzi\u0119ki umiej\u0119tno\u015bciom i ponad 25 letniemu do\u015bwiadczeniu in\u017cynier\u00f3w, kierownictwa oraz wyspecjalizowanemu zespo\u0142owi pracownik\u00f3w budowlanych. Maj\u0105c do\u015bwiadczonych projektant\u00f3w, in\u017cynier\u00f3w, inspektor\u00f3w budowlanych, wsp\u00f3\u0142pracuj\u0105cych razem jako zesp\u00f3\u0142, produkujemy wysokiej jako\u015bci stropy FILIGRAN oraz siatki zbrojeniowe.&#8221; font_container=&#8221;tag:p|font_size:15|text_align:left|color:%23999999&#8243; use_theme_fonts=&#8221;yes&#8221; css=&#8221;.vc_custom_1488735355435{margin-bottom: 20px !important;}&#8221;][vc_row_inner][vc_column_inner width=&#8221;1\/3&#8243;][vc_single_image image=&#8221;565&#8243; img_size=&#8221;full&#8221;][\/vc_column_inner][vc_column_inner width=&#8221;2\/3&#8243;][vc_column_text]<strong>Marek Borecki<\/strong>\r\n<span style=\"color: #999999;\">In\u017cynier, Dyrektor Zarz\u0105dzaj\u0105cy, w\u0142a\u015bciciel<\/span>\r\n\r\n<span style=\"color: #999999;\">W budownictwie od 1975 roku<\/span>\r\n<span style=\"color: #999999;\"> In\u017cynier technologii budowlanych od 1985 roku<\/span>\r\n<span style=\"color: #999999;\"> Technologie strop\u00f3w FILIGRAN od 1990 roku<\/span>\r\n\r\nMarek Borecki rozpocz\u0105\u0142 swoj\u0105 karier\u0119 jako in\u017cynier technologii budowlanych w firmie BAUMAT w 1990\u00a0roku \u00a0przecieraj\u0105c szlaki dla nowej technologii produkcji p\u0142yt\u00a0typu FILIGRAN. Od 1990 roku w\u0142a\u015bciciel oraz dyrektor \u00a0zarz\u0105dzaj\u0105cy we w\u0142asnej firmie &#8222;TRIAL-II Stropy FILIGRAN Marek Borecki&#8221;.\r\n[\/vc_column_text][\/vc_column_inner][\/vc_row_inner][vc_empty_space][\/vc_column][\/vc_row][vc_row][vc_column width=&#8221;1\/2&#8243;][vc_column_text]<img loading=\"lazy\" class=\"alignleft wp-image-568 size-full\" src=\"http:\/\/serwer1630320.home.pl\/autoinstalator\/wordpress20\/wp-content\/uploads\/2015\/08\/leader_2.jpg\" alt=\"leader_2\" width=\"150\" height=\"150\" srcset=\"https:\/\/www.stropy-filigran.pl\/wp-content\/uploads\/2015\/08\/leader_2.jpg 150w, https:\/\/www.stropy-filigran.pl\/wp-content\/uploads\/2015\/08\/leader_2-100x100.jpg 100w\" sizes=\"(max-width: 150px) 100vw, 150px\" \/><strong>Krzysztof Mika<\/strong>\r\n<span style=\"color: #999999;\">Kierownik projekt\u00f3w<\/span>\r\n\r\nPosiada 10 letnie do\u015bwiadczenie w kierowaniu budowami, a od 8 lat pe\u0142ni funkcj\u0119 kierownika projekt\u00f3w w naszej firmie.[\/vc_column_text][\/vc_column][vc_column width=&#8221;1\/2&#8243;][vc_column_text]<img loading=\"lazy\" class=\"alignleft size-full wp-image-570\" src=\"http:\/\/serwer1630320.home.pl\/autoinstalator\/wordpress20\/wp-content\/uploads\/2015\/08\/leader_4.jpg\" alt=\"leader_4\" width=\"150\" height=\"150\" srcset=\"https:\/\/www.stropy-filigran.pl\/wp-content\/uploads\/2015\/08\/leader_4.jpg 150w, https:\/\/www.stropy-filigran.pl\/wp-content\/uploads\/2015\/08\/leader_4-100x100.jpg 100w\" sizes=\"(max-width: 150px) 100vw, 150px\" \/><strong>Maciej Krzemi\u0144ski<\/strong>\r\n<span style=\"color: #999999;\">Kierownik produkcji<\/span>\r\n\r\nW zespole firmy od pocz\u0105tku jej powstania, od ponad 15 lat kieruje procesem produkcji strop\u00f3w oraz siatek zbrojeniowych.[\/vc_column_text][\/vc_column][vc_column][vc_empty_space][\/vc_column][vc_column width=&#8221;1\/2&#8243;][vc_column_text]<img loading=\"lazy\" class=\"alignleft size-full wp-image-572\" src=\"http:\/\/serwer1630320.home.pl\/autoinstalator\/wordpress20\/wp-content\/uploads\/2015\/08\/leader_3.jpg\" alt=\"leader_3\" width=\"150\" height=\"150\" srcset=\"https:\/\/www.stropy-filigran.pl\/wp-content\/uploads\/2015\/08\/leader_3.jpg 150w, https:\/\/www.stropy-filigran.pl\/wp-content\/uploads\/2015\/08\/leader_3-100x100.jpg 100w\" sizes=\"(max-width: 150px) 100vw, 150px\" \/><strong>Marta D\u0119bska<\/strong>\r\n<span style=\"color: #999999;\">G\u0142\u00f3wna ksi\u0119gowa<\/span>\r\n\r\nOd pocz\u0105tku istnienia firmy pe\u0142ni funkcj\u0119 g\u0142\u00f3wnej ksi\u0119gowej.[\/vc_column_text][\/vc_column][\/vc_row][vc_row][vc_column][vc_empty_space height=&#8221;64px&#8221;][vc_custom_heading text=&#8221;Serdecznie zapraszamy do wsp\u00f3\u0142pracy firmy budowlane z Polski oraz UE.&#8221; font_container=&#8221;tag:div|font_size:15|text_align:left|color:%23999999&#8243; use_theme_fonts=&#8221;yes&#8221;][vc_empty_space height=&#8221;64px&#8221;][\/vc_column][\/vc_row][vc_row][vc_column][\/vc_column][\/vc_row]","protected":false},"excerpt":{"rendered":"<p>[vc_row][vc_column][vc_custom_heading text=&#8221;Referencje&#8221; font_container=&#8221;tag:div|font_size:26|text_align:left|color:%23000000&#8243; use_theme_fonts=&#8221;yes&#8221; css=&#8221;.vc_custom_1490549711309{margin-bottom: 20px !important;}&#8221;][vc_custom_heading text=&#8221;Zawdzi\u0119czamy sw\u00f3j sukces dzi\u0119ki umiej\u0119tno\u015bciom i ponad 25 letniemu do\u015bwiadczeniu in\u017cynier\u00f3w, kierownictwa oraz [&hellip;]<\/p>\n","protected":false},"author":1,"featured_media":61,"parent":329,"menu_order":0,"comment_status":"open","ping_status":"open","template":"","meta":[],"_links":{"self":[{"href":"https:\/\/www.stropy-filigran.pl\/index.php?rest_route=\/wp\/v2\/pages\/352"}],"collection":[{"href":"https:\/\/www.stropy-filigran.pl\/index.php?rest_route=\/wp\/v2\/pages"}],"about":[{"href":"https:\/\/www.stropy-filigran.pl\/index.php?rest_route=\/wp\/v2\/types\/page"}],"author":[{"embeddable":true,"href":"https:\/\/www.stropy-filigran.pl\/index.php?rest_route=\/wp\/v2\/users\/1"}],"replies":[{"embeddable":true,"href":"https:\/\/www.stropy-filigran.pl\/index.php?rest_route=%2Fwp%2Fv2%2Fcomments&post=352"}],"version-history":[{"count":23,"href":"https:\/\/www.stropy-filigran.pl\/index.php?rest_route=\/wp\/v2\/pages\/352\/revisions"}],"predecessor-version":[{"id":1517,"href":"https:\/\/www.stropy-filigran.pl\/index.php?rest_route=\/wp\/v2\/pages\/352\/revisions\/1517"}],"up":[{"embeddable":true,"href":"https:\/\/www.stropy-filigran.pl\/index.php?rest_route=\/wp\/v2\/pages\/329"}],"wp:featuredmedia":[{"embeddable":true,"href":"https:\/\/www.stropy-filigran.pl\/index.php?rest_route=\/wp\/v2\/media\/61"}],"wp:attachment":[{"href":"https:\/\/www.stropy-filigran.pl\/index.php?rest_route=%2Fwp%2Fv2%2Fmedia&parent=352"}],"curies":[{"name":"wp","href":"https:\/\/api.w.org\/{rel}","templated":true}]}}