{"id":329,"date":"2015-08-03T03:26:07","date_gmt":"2015-08-03T03:26:07","guid":{"rendered":"http:\/\/builder.zooka.io\/?page_id=329"},"modified":"2017-04-22T15:48:48","modified_gmt":"2017-04-22T15:48:48","slug":"leadership","status":"publish","type":"page","link":"https:\/\/www.stropy-filigran.pl\/?page_id=329","title":{"rendered":"Referencje"},"content":{"rendered":"[vc_row][vc_column][vc_custom_heading text=&#8221;Referencje&#8221; font_container=&#8221;tag:div|font_size:26|text_align:left|color:%23000000&#8243; use_theme_fonts=&#8221;yes&#8221; css=&#8221;.vc_custom_1490549760459{margin-bottom: 20px !important;}&#8221;][vc_custom_heading text=&#8221;Nasze nasze referencje , to zrealizowane obiekty w kt\u00f3rych zastosowano p\u0142yty FILIGRAN.\r\nZ naszego do\u015bwiadczenia i projekt\u00f3w korzysta\u0142o ponad po\u0142owa wszystkich producent\u00f3w p\u0142yt FILIGRAN w Polsce. Obecnie specjalizujemy si\u0119 w produkcji p\u0142yt FILIGRAN dla budownictwa jednorodzinnego.\r\n\r\n&#8221; font_container=&#8221;tag:p|font_size:15|text_align:left|color:%23999999&#8243; use_theme_fonts=&#8221;yes&#8221; css=&#8221;.vc_custom_1492875006780{margin-bottom: 20px !important;}&#8221;][vc_empty_space height=&#8221;20px&#8221;][vc_row_inner css=&#8221;.vc_custom_1439008079563{margin-bottom: 50px !important;}&#8221;][vc_column_inner][vc_column_text]Zrealizowane osiedla dom\u00f3w jednorodzinnych i indywidualne domy mieszkalne:\r\n&#8211; osiedle &#8222;MAKI&#8221;\u00a0 Warszawa-Bielany\r\n&#8211; osiedle &#8222;FLEXOR&#8221; Magdalenka\r\n&#8211; osiedle &#8222;FLEXOR&#8221; Marki\r\n&#8211; osiedle &#8222;RONSON&#8221; Konstancin-Jeziorna\r\n&#8211; osiedle &#8222;ECO-DOM&#8221; G\u00f3ra Kalwaria\r\n&#8211; osiedle &#8222;AMM DOM&#8221; Warszawa\r\n&#8211; osiedle &#8222;EMERALD&#8221; Ga\u0142k\u00f3w\r\n&#8211; osiedle &#8222;CEGIELNIA&#8221; Zielona G\u00f3ra\r\n&#8211; osiedle &#8222;SANBUD&#8221; Zielona G\u00f3ra\r\n&#8211; osiedle &#8222;CHABROWA&#8221; Wysoka k.Wroc\u0142awia\r\n&#8211; Teatr Zdrojowy w Jeleniej G\u00f3rze &#8211; Cieplicach\r\n&#8211; Amfiteatr Festiwalowy w Zielonej G\u00f3rze\r\n&#8211; Centrum Konferencyjne w Krzy\u017cowej k. \u015awidnicy (zdj\u0119cie 6014)\r\n&#8211; Zak\u0142ad produkcyjny INCO w Borowej k. Strzelina\r\n&#8211; Szpital Chirurgii Plastycznej w Polanicy Zdr\u00f3j[\/vc_column_text][\/vc_column_inner][\/vc_row_inner][vc_row_inner][vc_column_inner][vc_empty_space][\/vc_column_inner][\/vc_row_inner][vc_empty_space height=&#8221;30px&#8221;][\/vc_column][vc_column][\/vc_column][\/vc_row]","protected":false},"excerpt":{"rendered":"<p>[vc_row][vc_column][vc_custom_heading text=&#8221;Referencje&#8221; font_container=&#8221;tag:div|font_size:26|text_align:left|color:%23000000&#8243; use_theme_fonts=&#8221;yes&#8221; css=&#8221;.vc_custom_1490549760459{margin-bottom: 20px !important;}&#8221;][vc_custom_heading text=&#8221;Nasze nasze referencje , to zrealizowane obiekty w kt\u00f3rych zastosowano p\u0142yty FILIGRAN. Z [&hellip;]<\/p>\n","protected":false},"author":1,"featured_media":314,"parent":271,"menu_order":0,"comment_status":"open","ping_status":"open","template":"","meta":[],"_links":{"self":[{"href":"https:\/\/www.stropy-filigran.pl\/index.php?rest_route=\/wp\/v2\/pages\/329"}],"collection":[{"href":"https:\/\/www.stropy-filigran.pl\/index.php?rest_route=\/wp\/v2\/pages"}],"about":[{"href":"https:\/\/www.stropy-filigran.pl\/index.php?rest_route=\/wp\/v2\/types\/page"}],"author":[{"embeddable":true,"href":"https:\/\/www.stropy-filigran.pl\/index.php?rest_route=\/wp\/v2\/users\/1"}],"replies":[{"embeddable":true,"href":"https:\/\/www.stropy-filigran.pl\/index.php?rest_route=%2Fwp%2Fv2%2Fcomments&post=329"}],"version-history":[{"count":25,"href":"https:\/\/www.stropy-filigran.pl\/index.php?rest_route=\/wp\/v2\/pages\/329\/revisions"}],"predecessor-version":[{"id":1574,"href":"https:\/\/www.stropy-filigran.pl\/index.php?rest_route=\/wp\/v2\/pages\/329\/revisions\/1574"}],"up":[{"embeddable":true,"href":"https:\/\/www.stropy-filigran.pl\/index.php?rest_route=\/wp\/v2\/pages\/271"}],"wp:featuredmedia":[{"embeddable":true,"href":"https:\/\/www.stropy-filigran.pl\/index.php?rest_route=\/wp\/v2\/media\/314"}],"wp:attachment":[{"href":"https:\/\/www.stropy-filigran.pl\/index.php?rest_route=%2Fwp%2Fv2%2Fmedia&parent=329"}],"curies":[{"name":"wp","href":"https:\/\/api.w.org\/{rel}","templated":true}]}}