{"id":324,"date":"2015-08-03T03:02:12","date_gmt":"2015-08-03T03:02:12","guid":{"rendered":"http:\/\/builder.zooka.io\/?page_id=324"},"modified":"2017-04-22T15:26:34","modified_gmt":"2017-04-22T15:26:34","slug":"stropy-gora-kalwaria","status":"publish","type":"page","link":"https:\/\/www.stropy-filigran.pl\/?page_id=324","title":{"rendered":"Historia"},"content":{"rendered":"[vc_row el_id=&#8221;our_history&#8221; el_class=&#8221;our_history&#8221; css=&#8221;.vc_custom_1439174365000{margin-bottom: 0px !important;}&#8221;][vc_column][vc_custom_heading text=&#8221;Historia firmy&#8221; font_container=&#8221;tag:div|font_size:26|text_align:left|color:%23000000&#8243; use_theme_fonts=&#8221;yes&#8221; css=&#8221;.vc_custom_1488402243223{margin-bottom: 20px !important;}&#8221;][vc_custom_heading text=&#8221;Firma produkuje filigrany od 30 lat. Jest to pierwsza w Polsce firma produkuj\u0105ca takie prefabrykaty na skal\u0119 przemys\u0142ow\u0105. Dzi\u015b p\u0142yty stropowe typu Filigran s\u0105 znane pod r\u00f3\u017cnymi nazwami w ca\u0142ej Polsce, ale najlepsze produkowane s\u0105 we Wroc\u0142awiu i w G\u00f3rze Kalwarii.&#8221; font_container=&#8221;tag:p|font_size:15|text_align:left|color:%23999999&#8243; use_theme_fonts=&#8221;yes&#8221; css=&#8221;.vc_custom_1492874041497{margin-bottom: 20px !important;}&#8221;][vc_single_image image=&#8221;1441&#8243; img_size=&#8221;full&#8221;][vc_custom_heading text=&#8221;Po 30 latach rozwoju, jeste\u015bmy znani jako jedna z wiod\u0105cych firm produkuj\u0105cych gotowe stropy typu FILIGRAN. Obs\u0142ugujemy najwi\u0119kszych klient\u00f3w z Polski oraz Unii Europejskiej.&#8221; font_container=&#8221;tag:div|font_size:15|text_align:left|color:%23999999&#8243; use_theme_fonts=&#8221;yes&#8221; css=&#8221;.vc_custom_1492874026249{margin-top: 30px !important;}&#8221;][\/vc_column][\/vc_row][vc_row el_id=&#8221;our_history_tab&#8221; el_class=&#8221;our_history_tab&#8221; css=&#8221;.vc_custom_1439174409152{margin-bottom: 0px !important;padding-top: 30px !important;padding-bottom: 30px !important;}&#8221;][vc_column][vc_tta_tabs spacing=&#8221;10&#8243; active_section=&#8221;1&#8243;][vc_tta_section title=&#8221;1984&#8243; tab_id=&#8221;1439004138853-58a4f4e0-90a2&#8243;][vc_custom_heading text=&#8221;Szkolenie w Niemczech&#8221; font_container=&#8221;tag:div|font_size:18|text_align:left|color:%23000000&#8243; use_theme_fonts=&#8221;yes&#8221;][vc_custom_heading text=&#8221;Szkolenie w Niemczech w firmach Kaspar Roeckelein KG oraz Veit Dennert KG i pr\u00f3ba &#8222;adaptacji&#8222; strop\u00f3w FILIGRAN w Polsce (Krak\u00f3w, Wroc\u0142aw)&#8221; font_container=&#8221;tag:div|font_size:15|text_align:left|color:%23999999&#8243; use_theme_fonts=&#8221;yes&#8221;][\/vc_tta_section][vc_tta_section title=&#8221;1990&#8243; tab_id=&#8221;1439004138905-29b04e0e-697c&#8221;][vc_custom_heading text=&#8221;Projekt&#8221; font_container=&#8221;tag:div|font_size:18|text_align:left|color:%23000000&#8243; use_theme_fonts=&#8221;yes&#8221;][vc_custom_heading text=&#8221;Rozpocz\u0119cie dzia\u0142alno\u015bci projektowej w Polsce i pierwsze zastosowanie strop\u00f3w FILIGRAN&#8221; font_container=&#8221;tag:div|font_size:15|text_align:left|color:%23999999&#8243; use_theme_fonts=&#8221;yes&#8221;][\/vc_tta_section][vc_tta_section title=&#8221;1992&#8243; tab_id=&#8221;1439004243247-49aa6487-3046&#8243;][vc_custom_heading text=&#8221;Zdobywanie rynku&#8221; font_container=&#8221;tag:div|font_size:18|text_align:left|color:%23000000&#8243; use_theme_fonts=&#8221;yes&#8221;][vc_custom_heading text=&#8221;Rozpocz\u0119cie wsp\u00f3\u0142pracy z firm\u0105 BAUMAT z Bydgoszczy i pocz\u0105tek zdobywania rynku p\u0142yt FILIGRAN na Dolnym \u015al\u0105sku.&#8221; font_container=&#8221;tag:div|font_size:15|text_align:left|color:%23999999&#8243; use_theme_fonts=&#8221;yes&#8221;][\/vc_tta_section][vc_tta_section title=&#8221;1996&#8243; tab_id=&#8221;1439004276576-e91e828d-e6b8&#8243;][vc_custom_heading text=&#8221;Zwi\u0119kszenie produkcji&#8221; font_container=&#8221;tag:div|font_size:18|text_align:left|color:%23000000&#8243; use_theme_fonts=&#8221;yes&#8221;][vc_custom_heading text=&#8221;Powstanie firmy TRIAL-II i rozpocz\u0119cie produkcji p\u0142yt FILIGRAN w G\u00f3rze Kalwarii&#8221; font_container=&#8221;tag:div|font_size:15|text_align:left|color:%23999999&#8243; use_theme_fonts=&#8221;yes&#8221;][\/vc_tta_section][vc_tta_section title=&#8221;1997-2014&#8243; tab_id=&#8221;1439004294321-56adcc4d-eeee&#8221;][vc_custom_heading text=&#8221;Wdro\u017cenie&#8221; font_container=&#8221;tag:div|font_size:18|text_align:left|color:%23000000&#8243; use_theme_fonts=&#8221;yes&#8221;][vc_custom_heading text=&#8221;Pomoc r\u00f3\u017cnym zak\u0142adom prefabrykacji w produkcji i projektowaniu p\u0142yt FILIGRAN&#8221; font_container=&#8221;tag:div|font_size:15|text_align:left|color:%23999999&#8243; use_theme_fonts=&#8221;yes&#8221;][\/vc_tta_section][vc_tta_section title=&#8221;2015&#8243; tab_id=&#8221;1492873210710-f4bb8309-cedc&#8221;][vc_custom_heading text=&#8221;Wsp\u00f3\u0142praca&#8221; font_container=&#8221;tag:div|font_size:18|text_align:left|color:%23000000&#8243; use_theme_fonts=&#8221;yes&#8221;][vc_custom_heading text=&#8221;Umocnienie wsp\u00f3\u0142pracy z firm\u0105 BETARD z D\u0142ugo\u0142\u0119ki&#8221; font_container=&#8221;tag:div|font_size:15|text_align:left|color:%23999999&#8243; use_theme_fonts=&#8221;yes&#8221;][\/vc_tta_section][\/vc_tta_tabs][\/vc_column][\/vc_row][vc_row][vc_column][vc_row_inner][vc_column_inner width=&#8221;1\/3&#8243; css=&#8221;.vc_custom_1439005065158{margin-bottom: 15px !important;}&#8221;][vc_single_image image=&#8221;1437&#8243; img_size=&#8221;full&#8221; alignment=&#8221;center&#8221;][\/vc_column_inner][vc_column_inner width=&#8221;1\/3&#8243; css=&#8221;.vc_custom_1439005080020{margin-bottom: 15px !important;}&#8221;][vc_single_image image=&#8221;1438&#8243; img_size=&#8221;full&#8221; alignment=&#8221;center&#8221;][\/vc_column_inner][vc_column_inner width=&#8221;1\/3&#8243; css=&#8221;.vc_custom_1439005091516{margin-bottom: 15px !important;}&#8221;][vc_single_image image=&#8221;1439&#8243; img_size=&#8221;full&#8221; alignment=&#8221;center&#8221;][\/vc_column_inner][\/vc_row_inner][vc_custom_heading text=&#8221;Stale rozwijamy technologie oraz procesy produkcji. Zale\u017cy nam na utrzymaniu sta\u0142ych relacji z dotychczasowymi klientami oraz nawi\u0105zaniu wsp\u00f3\u0142pracy z nowymi firmami, kt\u00f3re chc\u0105 wdro\u017cy\u0107 nowoczesne technologie w budownictwie.&#8221; font_container=&#8221;tag:div|font_size:15|text_align:left|color:%23999999&#8243; use_theme_fonts=&#8221;yes&#8221; css=&#8221;.vc_custom_1488741412272{margin-bottom: 50px !important;}&#8221;][vc_empty_space height=&#8221;30px&#8221;][\/vc_column][\/vc_row]","protected":false},"excerpt":{"rendered":"<p>[vc_row el_id=&#8221;our_history&#8221; el_class=&#8221;our_history&#8221; css=&#8221;.vc_custom_1439174365000{margin-bottom: 0px !important;}&#8221;][vc_column][vc_custom_heading text=&#8221;Historia firmy&#8221; font_container=&#8221;tag:div|font_size:26|text_align:left|color:%23000000&#8243; use_theme_fonts=&#8221;yes&#8221; css=&#8221;.vc_custom_1488402243223{margin-bottom: 20px !important;}&#8221;][vc_custom_heading text=&#8221;Firma produkuje filigrany od 30 lat. Jest [&hellip;]<\/p>\n","protected":false},"author":1,"featured_media":282,"parent":271,"menu_order":0,"comment_status":"open","ping_status":"open","template":"","meta":[],"_links":{"self":[{"href":"https:\/\/www.stropy-filigran.pl\/index.php?rest_route=\/wp\/v2\/pages\/324"}],"collection":[{"href":"https:\/\/www.stropy-filigran.pl\/index.php?rest_route=\/wp\/v2\/pages"}],"about":[{"href":"https:\/\/www.stropy-filigran.pl\/index.php?rest_route=\/wp\/v2\/types\/page"}],"author":[{"embeddable":true,"href":"https:\/\/www.stropy-filigran.pl\/index.php?rest_route=\/wp\/v2\/users\/1"}],"replies":[{"embeddable":true,"href":"https:\/\/www.stropy-filigran.pl\/index.php?rest_route=%2Fwp%2Fv2%2Fcomments&post=324"}],"version-history":[{"count":28,"href":"https:\/\/www.stropy-filigran.pl\/index.php?rest_route=\/wp\/v2\/pages\/324\/revisions"}],"predecessor-version":[{"id":1571,"href":"https:\/\/www.stropy-filigran.pl\/index.php?rest_route=\/wp\/v2\/pages\/324\/revisions\/1571"}],"up":[{"embeddable":true,"href":"https:\/\/www.stropy-filigran.pl\/index.php?rest_route=\/wp\/v2\/pages\/271"}],"wp:featuredmedia":[{"embeddable":true,"href":"https:\/\/www.stropy-filigran.pl\/index.php?rest_route=\/wp\/v2\/media\/282"}],"wp:attachment":[{"href":"https:\/\/www.stropy-filigran.pl\/index.php?rest_route=%2Fwp%2Fv2%2Fmedia&parent=324"}],"curies":[{"name":"wp","href":"https:\/\/api.w.org\/{rel}","templated":true}]}}