{"id":271,"date":"2015-08-01T06:50:16","date_gmt":"2015-08-01T06:50:16","guid":{"rendered":"http:\/\/builder.zooka.io\/?page_id=271"},"modified":"2017-04-22T16:14:55","modified_gmt":"2017-04-22T16:14:55","slug":"about-us","status":"publish","type":"page","link":"https:\/\/www.stropy-filigran.pl\/?page_id=271","title":{"rendered":"O nas"},"content":{"rendered":"[vc_row][vc_column][vc_custom_heading text=&#8221;O nas&#8221; font_container=&#8221;tag:div|font_size:26|text_align:left|color:%23000000&#8243; use_theme_fonts=&#8221;yes&#8221; css=&#8221;.vc_custom_1488738562576{margin-bottom: 20px !important;}&#8221;][vc_custom_heading text=&#8221;Jeste\u015bmy zespo\u0142em specjalist\u00f3w z ponad 30 letnim do\u015bwiadczeniem w projektowaniu i produkcji wysokiej jako\u015bci strop\u00f3w \u017celbetowych typu FILIGRAN. Nasza oferta obejmuje te\u017c opinie i ekspertyzy oraz doradztwo w sprawie zamiany innych strop\u00f3w na p\u0142yty prefabrykowane FILIGRAN.\r\n\r\nWsp\u00f3\u0142pracujemy z najwi\u0119kszymi firmami w Polsce oraz Unii Europejskiej stale d\u0105\u017c\u0105c do jak najwy\u017cszych standard\u00f3w obs\u0142ugi naszych wieloletnich oraz nowych klient\u00f3w.&#8221; font_container=&#8221;tag:p|font_size:15|text_align:left|color:%23999999&#8243; use_theme_fonts=&#8221;yes&#8221; css=&#8221;.vc_custom_1492877690619{margin-bottom: 20px !important;}&#8221;][vc_single_image image=&#8221;273&#8243; img_size=&#8221;full&#8221;][vc_custom_heading text=&#8221;Standardy&#8221; font_container=&#8221;tag:div|font_size:18|text_align:left&#8221; use_theme_fonts=&#8221;yes&#8221; css=&#8221;.vc_custom_1488738777790{margin-top: 30px !important;margin-bottom: 20px !important;}&#8221;][vc_row_inner css=&#8221;.vc_custom_1438414004000{margin-bottom: 0px !important;}&#8221;][vc_column_inner width=&#8221;1\/2&#8243; css=&#8221;.vc_custom_1438413856885{margin-bottom: 20px !important;}&#8221;][vc_gallery type=&#8221;nivo&#8221; interval=&#8221;3&#8243; images=&#8221;1428,1500&#8243; img_size=&#8221;full&#8221;][\/vc_column_inner][vc_column_inner width=&#8221;1\/2&#8243; css=&#8221;.vc_custom_1438413867252{margin-bottom: 20px !important;}&#8221;][vc_column_text el_class=&#8221;aboutus_list&#8221;]\r\n<ul>\r\n \t<li>jeden z pierwszych producent\u00f3w strop\u00f3w FILIGRAN<\/li>\r\n \t<li>nowoczesna technologia<\/li>\r\n \t<li>sta\u0142y rozw\u00f3j<\/li>\r\n \t<li>wysoka jako\u015b\u0107 produkt\u00f3w<\/li>\r\n \t<li>profesjonalne doradztwo<\/li>\r\n<\/ul>\r\n[\/vc_column_text][\/vc_column_inner][\/vc_row_inner][vc_custom_heading text=&#8221;Serdecznie zapraszamy do wsp\u00f3\u0142pracy firmy budowlane z Polski oraz UE.&#8221; font_container=&#8221;tag:div|font_size:15|text_align:left|color:%23999999&#8243; use_theme_fonts=&#8221;yes&#8221; css=&#8221;.vc_custom_1488739349549{margin-bottom: 50px !important;}&#8221;][vc_empty_space height=&#8221;30px&#8221;][\/vc_column][\/vc_row]","protected":false},"excerpt":{"rendered":"<p>[vc_row][vc_column][vc_custom_heading text=&#8221;O nas&#8221; font_container=&#8221;tag:div|font_size:26|text_align:left|color:%23000000&#8243; use_theme_fonts=&#8221;yes&#8221; css=&#8221;.vc_custom_1488738562576{margin-bottom: 20px !important;}&#8221;][vc_custom_heading text=&#8221;Jeste\u015bmy zespo\u0142em specjalist\u00f3w z ponad 30 letnim do\u015bwiadczeniem w projektowaniu i produkcji [&hellip;]<\/p>\n","protected":false},"author":1,"featured_media":282,"parent":0,"menu_order":0,"comment_status":"open","ping_status":"closed","template":"","meta":[],"_links":{"self":[{"href":"https:\/\/www.stropy-filigran.pl\/index.php?rest_route=\/wp\/v2\/pages\/271"}],"collection":[{"href":"https:\/\/www.stropy-filigran.pl\/index.php?rest_route=\/wp\/v2\/pages"}],"about":[{"href":"https:\/\/www.stropy-filigran.pl\/index.php?rest_route=\/wp\/v2\/types\/page"}],"author":[{"embeddable":true,"href":"https:\/\/www.stropy-filigran.pl\/index.php?rest_route=\/wp\/v2\/users\/1"}],"replies":[{"embeddable":true,"href":"https:\/\/www.stropy-filigran.pl\/index.php?rest_route=%2Fwp%2Fv2%2Fcomments&post=271"}],"version-history":[{"count":12,"href":"https:\/\/www.stropy-filigran.pl\/index.php?rest_route=\/wp\/v2\/pages\/271\/revisions"}],"predecessor-version":[{"id":1579,"href":"https:\/\/www.stropy-filigran.pl\/index.php?rest_route=\/wp\/v2\/pages\/271\/revisions\/1579"}],"wp:featuredmedia":[{"embeddable":true,"href":"https:\/\/www.stropy-filigran.pl\/index.php?rest_route=\/wp\/v2\/media\/282"}],"wp:attachment":[{"href":"https:\/\/www.stropy-filigran.pl\/index.php?rest_route=%2Fwp%2Fv2%2Fmedia&parent=271"}],"curies":[{"name":"wp","href":"https:\/\/api.w.org\/{rel}","templated":true}]}}