{"id":254,"date":"2015-07-31T09:39:53","date_gmt":"2015-07-31T09:39:53","guid":{"rendered":"http:\/\/builder.zooka.io\/?page_id=254"},"modified":"2017-03-26T17:13:03","modified_gmt":"2017-03-26T17:13:03","slug":"building-renovation","status":"publish","type":"page","link":"https:\/\/www.stropy-filigran.pl\/?page_id=254","title":{"rendered":"Wsp\u00f3\u0142praca"},"content":{"rendered":"[vc_row][vc_column][vc_custom_heading text=&#8221;Wsp\u00f3\u0142praca&#8221; font_container=&#8221;tag:div|font_size:26|text_align:left|color:%23000000&#8243; use_theme_fonts=&#8221;yes&#8221; css=&#8221;.vc_custom_1488727460108{margin-bottom: 20px !important;}&#8221;][vc_custom_heading text=&#8221;Wsp\u00f3\u0142pracujemy z ma\u0142ymi i du\u017cymi i firmami budowlanymi oraz z hurtowniami materia\u0142\u00f3w budowlanych. Naszymi cz\u0119stymi klientami s\u0105 inwestorzy indywidualni, bo realizujemy r\u00f3wnie\u017c ma\u0142e zam\u00f3wienia \u2013 nawet pojedyncze p\u0142yty. Gwarantujemy profesjonalne doradztwo w zakresie doboru najlepszych rozwi\u0105za\u0144 dopasowanych do potrzeb klienta oraz pomoc na budowie przy monta\u017cu p\u0142yt FILIGRAN.&#8221; font_container=&#8221;tag:p|font_size:15|text_align:left|color:%23999999&#8243; use_theme_fonts=&#8221;yes&#8221; css=&#8221;.vc_custom_1490548204642{margin-bottom: 20px !important;}&#8221;][vc_row_inner css=&#8221;.vc_custom_1438414004000{margin-bottom: 0px !important;}&#8221;][vc_column_inner width=&#8221;1\/2&#8243; css=&#8221;.vc_custom_1438413856885{margin-bottom: 20px !important;}&#8221;][vc_gallery type=&#8221;nivo&#8221; interval=&#8221;3&#8243; images=&#8221;1500,276&#8243; img_size=&#8221;full&#8221;][\/vc_column_inner][vc_column_inner width=&#8221;1\/2&#8243; css=&#8221;.vc_custom_1438413867252{margin-bottom: 20px !important;}&#8221;][vc_column_text el_class=&#8221;aboutus_list&#8221;]\r\n<ul>\r\n \t<li>Do\u015bwiadczenie i wiedza<\/li>\r\n \t<li>Profesjonalna obs\u0142uga<\/li>\r\n \t<li>Indywidualne podej\u015bcie<\/li>\r\n \t<li>Gwarancja jako\u015bci<\/li>\r\n \t<li>Pomoc przy monta\u017cu p\u0142yt<\/li>\r\n \t<li>FILIGRAN wg niemieckich norm<\/li>\r\n<\/ul>\r\n[\/vc_column_text][\/vc_column_inner][\/vc_row_inner][vc_custom_heading text=&#8221;Wsp\u00f3\u0142praca&#8221; font_container=&#8221;tag:div|font_size:18|text_align:left|color:%23000000&#8243; use_theme_fonts=&#8221;yes&#8221; css=&#8221;.vc_custom_1487533134815{margin-bottom: 20px !important;}&#8221;]<style type=\"text\/css\">a.eg-henryharrison-element-1,a.eg-henryharrison-element-2{-webkit-transition:all .4s linear;   -moz-transition:all .4s linear;   -o-transition:all .4s linear;   -ms-transition:all .4s linear;   transition:all .4s linear}.eg-jimmy-carter-element-11 i:before{margin-left:0px; margin-right:0px}.eg-harding-element-17{letter-spacing:1px}.eg-harding-wrapper .esg-entry-media{overflow:hidden; box-sizing:border-box;   -webkit-box-sizing:border-box;   -moz-box-sizing:border-box;   padding:30px 30px 0px 30px}.eg-harding-wrapper .esg-entry-media img{overflow:hidden; border-radius:50%;   -webkit-border-radius:50%;   -moz-border-radius:50%}.eg-ulysses-s-grant-wrapper .esg-entry-media{overflow:hidden; box-sizing:border-box;   -webkit-box-sizing:border-box;   -moz-box-sizing:border-box;   padding:30px 30px 0px 30px}.eg-ulysses-s-grant-wrapper .esg-entry-media img{overflow:hidden; border-radius:50%;   -webkit-border-radius:50%;   -moz-border-radius:50%}.eg-richard-nixon-wrapper .esg-entry-media{overflow:hidden; box-sizing:border-box;   -webkit-box-sizing:border-box;   -moz-box-sizing:border-box;   padding:30px 30px 0px 30px}.eg-richard-nixon-wrapper .esg-entry-media img{overflow:hidden; border-radius:50%;   -webkit-border-radius:50%;   -moz-border-radius:50%}.eg-herbert-hoover-wrapper .esg-entry-media img{filter:url(\"data:image\/svg+xml;utf8,<svg xmlns='http:\/\/www.w3.org\/2000\/svg'><filter id='grayscale'><feColorMatrix type='matrix' values='0.3333 0.3333 0.3333 0 0 0.3333 0.3333 0.3333 0 0 0.3333 0.3333 0.3333 0 0 0 0 0 1 0'\/><\/filter><\/svg>#grayscale\");   filter:gray;   -webkit-filter:grayscale(100%)}.eg-herbert-hoover-wrapper:hover .esg-entry-media img{filter:url(\"data:image\/svg+xml;utf8,<svg xmlns='http:\/\/www.w3.org\/2000\/svg'><filter id='grayscale'><feColorMatrix type='matrix' values='1 0 0 0 0,0 1 0 0 0,0 0 1 0 0,0 0 0 1 0'\/><\/filter><\/svg>#grayscale\");  -webkit-filter:grayscale(0%)}.eg-lyndon-johnson-wrapper .esg-entry-media img{filter:url(\"data:image\/svg+xml;utf8,<svg xmlns='http:\/\/www.w3.org\/2000\/svg'><filter id='grayscale'><feColorMatrix type='matrix' values='0.3333 0.3333 0.3333 0 0 0.3333 0.3333 0.3333 0 0 0.3333 0.3333 0.3333 0 0 0 0 0 1 0'\/><\/filter><\/svg>#grayscale\");   filter:gray;   -webkit-filter:grayscale(100%)}.eg-lyndon-johnson-wrapper:hover .esg-entry-media img{filter:url(\"data:image\/svg+xml;utf8,<svg xmlns='http:\/\/www.w3.org\/2000\/svg'><filter id='grayscale'><feColorMatrix type='matrix' values='1 0 0 0 0,0 1 0 0 0,0 0 1 0 0,0 0 0 1 0'\/><\/filter><\/svg>#grayscale\");  -webkit-filter:grayscale(0%)}.esg-overlay.eg-ronald-reagan-container{background:-moz-linear-gradient(top,rgba(0,0,0,0) 50%,rgba(0,0,0,0.83) 99%,rgba(0,0,0,0.85) 100%); background:-webkit-gradient(linear,left top,left bottom,color-stop(50%,rgba(0,0,0,0)),color-stop(99%,rgba(0,0,0,0.83)),color-stop(100%,rgba(0,0,0,0.85))); background:-webkit-linear-gradient(top,rgba(0,0,0,0) 50%,rgba(0,0,0,0.83) 99%,rgba(0,0,0,0.85) 100%); background:-o-linear-gradient(top,rgba(0,0,0,0) 50%,rgba(0,0,0,0.83) 99%,rgba(0,0,0,0.85) 100%); background:-ms-linear-gradient(top,rgba(0,0,0,0) 50%,rgba(0,0,0,0.83) 99%,rgba(0,0,0,0.85) 100%); background:linear-gradient(to bottom,rgba(0,0,0,0) 50%,rgba(0,0,0,0.83) 99%,rgba(0,0,0,0.85) 100%); filter:progid:DXImageTransform.Microsoft.gradient( startColorstr='#00000000',endColorstr='#d9000000',GradientType=0 )}.eg-georgebush-wrapper .esg-entry-cover{background:-moz-linear-gradient(top,rgba(0,0,0,0) 50%,rgba(0,0,0,0.83) 99%,rgba(0,0,0,0.85) 100%); background:-webkit-gradient(linear,left top,left bottom,color-stop(50%,rgba(0,0,0,0)),color-stop(99%,rgba(0,0,0,0.83)),color-stop(100%,rgba(0,0,0,0.85))); background:-webkit-linear-gradient(top,rgba(0,0,0,0) 50%,rgba(0,0,0,0.83) 99%,rgba(0,0,0,0.85) 100%); background:-o-linear-gradient(top,rgba(0,0,0,0) 50%,rgba(0,0,0,0.83) 99%,rgba(0,0,0,0.85) 100%); background:-ms-linear-gradient(top,rgba(0,0,0,0) 50%,rgba(0,0,0,0.83) 99%,rgba(0,0,0,0.85) 100%); background:linear-gradient(to bottom,rgba(0,0,0,0) 50%,rgba(0,0,0,0.83) 99%,rgba(0,0,0,0.85) 100%); filter:progid:DXImageTransform.Microsoft.gradient( startColorstr='#00000000',endColorstr='#d9000000',GradientType=0 )}.eg-jefferson-wrapper{-webkit-border-radius:5px !important; -moz-border-radius:5px !important; border-radius:5px !important; -webkit-mask-image:url(data:image\/png;base64,iVBORw0KGgoAAAANSUhEUgAAAAEAAAABCAIAAACQd1PeAAAAGXRFWHRTb2Z0d2FyZQBBZG9iZSBJbWFnZVJlYWR5ccllPAAAAA5JREFUeNpiYGBgAAgwAAAEAAGbA+oJAAAAAElFTkSuQmCC) !important}.eg-monroe-element-1{text-shadow:0px 1px 3px rgba(0,0,0,0.1)}.eg-lyndon-johnson-wrapper .esg-entry-cover{background:-moz-radial-gradient(center,ellipse cover,rgba(0,0,0,0.35) 0%,rgba(18,18,18,0) 96%,rgba(19,19,19,0) 100%); background:-webkit-gradient(radial,center center,0px,center center,100%,color-stop(0%,rgba(0,0,0,0.35)),color-stop(96%,rgba(18,18,18,0)),color-stop(100%,rgba(19,19,19,0))); background:-webkit-radial-gradient(center,ellipse cover,rgba(0,0,0,0.35) 0%,rgba(18,18,18,0) 96%,rgba(19,19,19,0) 100%); background:-o-radial-gradient(center,ellipse cover,rgba(0,0,0,0.35) 0%,rgba(18,18,18,0) 96%,rgba(19,19,19,0) 100%); background:-ms-radial-gradient(center,ellipse cover,rgba(0,0,0,0.35) 0%,rgba(18,18,18,0) 96%,rgba(19,19,19,0) 100%); background:radial-gradient(ellipse at center,rgba(0,0,0,0.35) 0%,rgba(18,18,18,0) 96%,rgba(19,19,19,0) 100%); filter:progid:DXImageTransform.Microsoft.gradient( startColorstr='#59000000',endColorstr='#00131313',GradientType=1 )}.eg-wilbert-wrapper .esg-entry-cover{background:-moz-radial-gradient(center,ellipse cover,rgba(0,0,0,0.35) 0%,rgba(18,18,18,0) 96%,rgba(19,19,19,0) 100%); background:-webkit-gradient(radial,center center,0px,center center,100%,color-stop(0%,rgba(0,0,0,0.35)),color-stop(96%,rgba(18,18,18,0)),color-stop(100%,rgba(19,19,19,0))); background:-webkit-radial-gradient(center,ellipse cover,rgba(0,0,0,0.35) 0%,rgba(18,18,18,0) 96%,rgba(19,19,19,0) 100%); background:-o-radial-gradient(center,ellipse cover,rgba(0,0,0,0.35) 0%,rgba(18,18,18,0) 96%,rgba(19,19,19,0) 100%); background:-ms-radial-gradient(center,ellipse cover,rgba(0,0,0,0.35) 0%,rgba(18,18,18,0) 96%,rgba(19,19,19,0) 100%); background:radial-gradient(ellipse at center,rgba(0,0,0,0.35) 0%,rgba(18,18,18,0) 96%,rgba(19,19,19,0) 100%); filter:progid:DXImageTransform.Microsoft.gradient( startColorstr='#59000000',endColorstr='#00131313',GradientType=1 )}.eg-wilbert-wrapper .esg-entry-media img{-webkit-transition:0.4s ease-in-out;  -moz-transition:0.4s ease-in-out;  -o-transition:0.4s ease-in-out;  transition:0.4s ease-in-out;  filter:url(\"data:image\/svg+xml;utf8,<svg xmlns='http:\/\/www.w3.org\/2000\/svg'><filter id='grayscale'><feColorMatrix type='matrix' values='0.3333 0.3333 0.3333 0 0 0.3333 0.3333 0.3333 0 0 0.3333 0.3333 0.3333 0 0 0 0 0 1 0'\/><\/filter><\/svg>#grayscale\");   filter:gray;   -webkit-filter:grayscale(100%)}.eg-wilbert-wrapper:hover .esg-entry-media img{filter:url(\"data:image\/svg+xml;utf8,<svg xmlns='http:\/\/www.w3.org\/2000\/svg'><filter id='grayscale'><feColorMatrix type='matrix' values='1 0 0 0 0,0 1 0 0 0,0 0 1 0 0,0 0 0 1 0'\/><\/filter><\/svg>#grayscale\");  -webkit-filter:grayscale(0%)}.eg-phillie-element-3:after{content:\" \";width:0px;height:0px;border-style:solid;border-width:5px 5px 0 5px;border-color:#000 transparent transparent transparent;left:50%;margin-left:-5px; bottom:-5px; position:absolute}.eg-howardtaft-wrapper .esg-entry-media img,.eg-howardtaft-wrapper .esg-media-poster{filter:url(\"data:image\/svg+xml;utf8,<svg xmlns='http:\/\/www.w3.org\/2000\/svg'><filter id='grayscale'><feColorMatrix type='matrix' values='1 0 0 0 0,0 1 0 0 0,0 0 1 0 0,0 0 0 1 0'\/><\/filter><\/svg>#grayscale\");  -webkit-filter:grayscale(0%)}.eg-howardtaft-wrapper:hover .esg-entry-media img,.eg-howardtaft-wrapper:hover .esg-media-poster{filter:url(\"data:image\/svg+xml;utf8,<svg xmlns='http:\/\/www.w3.org\/2000\/svg'><filter id='grayscale'><feColorMatrix type='matrix' values='0.3333 0.3333 0.3333 0 0 0.3333 0.3333 0.3333 0 0 0.3333 0.3333 0.3333 0 0 0 0 0 1 0'\/><\/filter><\/svg>#grayscale\");   filter:gray;   -webkit-filter:grayscale(100%)}.myportfolio-container .added_to_cart.wc-forward{font-family:\"Open Sans\"; font-size:13px; color:#fff; margin-top:10px}.esgbox-title.esgbox-title-outside-wrap{font-size:15px; font-weight:700; text-align:center}.esgbox-title.esgbox-title-inside-wrap{padding-bottom:10px; font-size:15px; font-weight:700; text-align:center}<\/style>\n<!-- CACHE CREATED FOR: 4 --><style type=\"text\/css\">.minimal-light .navigationbuttons,.minimal-light .esg-pagination,.minimal-light .esg-filters{text-align:center}.minimal-light .esg-filterbutton,.minimal-light .esg-navigationbutton,.minimal-light .esg-sortbutton,.minimal-light .esg-cartbutton a{color:#999; margin-right:5px; cursor:pointer; padding:0px 16px; border:1px solid #e5e5e5; line-height:38px; border-radius:5px; -moz-border-radius:5px; -webkit-border-radius:5px; font-size:12px; font-weight:700; font-family:\"Open Sans\",sans-serif; display:inline-block; background:#fff; margin-bottom:5px}.minimal-light .esg-navigationbutton *{color:#999}.minimal-light .esg-navigationbutton{padding:0px 16px}.minimal-light .esg-pagination-button:last-child{margin-right:0}.minimal-light .esg-left,.minimal-light .esg-right{padding:0px 11px}.minimal-light .esg-sortbutton-wrapper,.minimal-light .esg-cartbutton-wrapper{display:inline-block}.minimal-light .esg-sortbutton-order,.minimal-light .esg-cartbutton-order{display:inline-block;  vertical-align:top;  border:1px solid #e5e5e5;  width:40px;  line-height:38px;  border-radius:0px 5px 5px 0px;  -moz-border-radius:0px 5px 5px 0px;  -webkit-border-radius:0px 5px 5px 0px;  font-size:12px;  font-weight:700;  color:#999;  cursor:pointer;  background:#fff}.minimal-light .esg-cartbutton{color:#333; cursor:default !important}.minimal-light .esg-cartbutton .esgicon-basket{color:#333;   font-size:15px;   line-height:15px;   margin-right:10px}.minimal-light .esg-cartbutton-wrapper{cursor:default !important}.minimal-light .esg-sortbutton,.minimal-light .esg-cartbutton{display:inline-block; position:relative; cursor:pointer; margin-right:0px; border-right:none; border-radius:5px 0px 0px 5px; -moz-border-radius:5px 0px 0px 5px; -webkit-border-radius:5px 0px 0px 5px}.minimal-light .esg-navigationbutton:hover,.minimal-light .esg-filterbutton:hover,.minimal-light .esg-sortbutton:hover,.minimal-light .esg-sortbutton-order:hover,.minimal-light .esg-cartbutton a:hover,.minimal-light .esg-filterbutton.selected{background-color:#fff;   border-color:#bbb;   color:#333;   box-shadow:0px 3px 5px 0px rgba(0,0,0,0.13)}.minimal-light .esg-navigationbutton:hover *{color:#333}.minimal-light .esg-sortbutton-order.tp-desc:hover{border-color:#bbb; color:#333; box-shadow:0px -3px 5px 0px rgba(0,0,0,0.13) !important}.minimal-light .esg-filter-checked{padding:1px 3px;  color:#cbcbcb;  background:#cbcbcb;  margin-left:7px;  font-size:9px;  font-weight:300;  line-height:9px;  vertical-align:middle}.minimal-light .esg-filterbutton.selected .esg-filter-checked,.minimal-light .esg-filterbutton:hover .esg-filter-checked{padding:1px 3px 1px 3px;  color:#fff;  background:#000;  margin-left:7px;  font-size:9px;  font-weight:300;  line-height:9px;  vertical-align:middle}<\/style>\n<style type=\"text\/css\">.eg-home-clients-element-16{font-size:13px !important; line-height:20px !important; color:#ffffff !important; font-weight:400 !important; display:block !important; text-align:center !important; clear:both !important; margin:0px 0px 0px 0px !important; padding:0px 0px 0px 0px !important; border-radius:0px 0px 0px 0px !important; background-color:rgba(255,255,255,0) !important; position:relative !important; z-index:2 !important; font-family:Roboto !important; text-transform:uppercase !important}<\/style>\n<style type=\"text\/css\"><\/style>\n<style type=\"text\/css\">.eg-home-clients-container{background-color:rgba(217,35,25,0.75)}<\/style>\n<style type=\"text\/css\">.eg-home-clients-content{background-color:#000000; padding:0px 0px 0px 0px; border-width:0px 0px 0px 0px; border-radius:0px 0px 0px 0px; border-color:transparent; border-style:none; text-align:right}<\/style>\n<style type=\"text\/css\">.esg-grid .mainul li.eg-home-clients-wrapper{background-color:#ffffff; padding:0px 0px 0px 0px; border-width:1px 1px 1px 1px; border-radius:0px 0px 0px 0px; border-color:#dddddd; border-style:solid; overflow:hidden;-webkit-mask-image:url(data:image\/png;base64,iVBORw0KGgoAAAANSUhEUgAAAAEAAAABCAIAAACQd1PeAAAAGXRFWHRTb2Z0d2FyZQBBZG9iZSBJbWFnZVJlYWR5ccllPAAAAA5JREFUeNpiYGBgAAgwAAAEAAGbA+oJAAAAAElFTkSuQmCC) !important}<\/style>\n<style type=\"text\/css\">.esg-grid .mainul li.eg-home-clients-wrapper .esg-media-poster{background-size:cover; background-position:center center; background-repeat:no-repeat}<\/style>\n<!-- THE ESSENTIAL GRID 2.1.0.2 POST -->\n\n<article class=\"myportfolio-container minimal-light\" id=\"clients-1\">\n\n    <div id=\"esg-grid-4-1\" class=\"esg-grid\" style=\"background-color: transparent;padding: 0px 0px 0px 0px ; box-sizing:border-box; -moz-box-sizing:border-box; -webkit-box-sizing:border-box;\">\n<ul>\n<li id=\"eg-4-post-id-135\" class=\"filterall filter-client filter-nazwa-firmy eg-home-clients-wrapper eg-post-id-135\" data-date=\"1438160913\">\n    <div class=\"esg-media-cover-wrapper\">\n<div class=\"esg-entry-media\"><img src=\"https:\/\/www.stropy-filigran.pl\/wp-content\/uploads\/2015\/07\/logo-betard.png\" alt=\"\" width=\"170\" height=\"90\"><\/div>\n\n            <div class=\"esg-entry-cover\">\n\n                <div class=\"esg-overlay esg-slide eg-home-clients-container\" data-delay=\"0\"><\/div>\n\n\t\t\t\t<div class=\"esg-center eg-post-135 eg-home-clients-element-16 esg-flipdown\" data-delay=\"0.1\">BETARD<\/div>\n           <\/div>\n   <\/div>\n\n<\/li>\n<li id=\"eg-4-post-id-137\" class=\"filterall filter-client filter-nazwa-firmy eg-home-clients-wrapper eg-post-id-137\" data-date=\"1438160961\">\n    <div class=\"esg-media-cover-wrapper\">\n<div class=\"esg-entry-media\"><img src=\"https:\/\/www.stropy-filigran.pl\/wp-content\/uploads\/2015\/07\/OPTIMUM-BAU.png\" alt=\"\" width=\"170\" height=\"90\"><\/div>\n\n            <div class=\"esg-entry-cover\">\n\n                <div class=\"esg-overlay esg-slide eg-home-clients-container\" data-delay=\"0\"><\/div>\n\n\t\t\t\t<div class=\"esg-center eg-post-137 eg-home-clients-element-16 esg-flipdown\" data-delay=\"0.1\">OPTIMUM BAU<\/div>\n           <\/div>\n   <\/div>\n\n<\/li>\n<li id=\"eg-4-post-id-139\" class=\"filterall filter-client filter-nazwa-firmy eg-home-clients-wrapper eg-post-id-139\" data-date=\"1438161046\">\n    <div class=\"esg-media-cover-wrapper\">\n<div class=\"esg-entry-media\"><img src=\"https:\/\/www.stropy-filigran.pl\/wp-content\/uploads\/2015\/07\/cl_3.png\" alt=\"\"><\/div>\n\n            <div class=\"esg-entry-cover\">\n\n                <div class=\"esg-overlay esg-slide eg-home-clients-container\" data-delay=\"0\"><\/div>\n\n\t\t\t\t<div class=\"esg-center eg-post-139 eg-home-clients-element-16 esg-flipdown\" data-delay=\"0.1\">TRIAL II<\/div>\n           <\/div>\n   <\/div>\n\n<\/li>\n<li id=\"eg-4-post-id-141\" class=\"filterall filter-client filter-nazwa-firmy eg-home-clients-wrapper eg-post-id-141\" data-date=\"1438161421\">\n    <div class=\"esg-media-cover-wrapper\">\n<div class=\"esg-entry-media\"><img src=\"https:\/\/www.stropy-filigran.pl\/wp-content\/uploads\/2015\/07\/BUDIZOL.png\" alt=\"\" width=\"170\" height=\"90\"><\/div>\n\n            <div class=\"esg-entry-cover\">\n\n                <div class=\"esg-overlay esg-slide eg-home-clients-container\" data-delay=\"0\"><\/div>\n\n\t\t\t\t<div class=\"esg-center eg-post-141 eg-home-clients-element-16 esg-flipdown\" data-delay=\"0.1\">BUDIZOL<\/div>\n           <\/div>\n   <\/div>\n\n<\/li>\n<li id=\"eg-4-post-id-143\" class=\"filterall filter-client filter-nazwa-firmy eg-home-clients-wrapper eg-post-id-143\" data-date=\"1438161585\">\n    <div class=\"esg-media-cover-wrapper\">\n<div class=\"esg-entry-media\"><img src=\"https:\/\/www.stropy-filigran.pl\/wp-content\/uploads\/2015\/07\/baumat.png\" alt=\"\" width=\"170\" height=\"90\"><\/div>\n\n            <div class=\"esg-entry-cover\">\n\n                <div class=\"esg-overlay esg-slide eg-home-clients-container\" data-delay=\"0\"><\/div>\n\n\t\t\t\t<div class=\"esg-center eg-post-143 eg-home-clients-element-16 esg-flipdown\" data-delay=\"0.1\">BAUMAT<\/div>\n           <\/div>\n   <\/div>\n\n<\/li>\n<li id=\"eg-4-post-id-145\" class=\"filterall filter-client filter-nazwa-firmy eg-home-clients-wrapper eg-post-id-145\" data-date=\"1438161653\">\n    <div class=\"esg-media-cover-wrapper\">\n<div class=\"esg-entry-media\"><img src=\"https:\/\/www.stropy-filigran.pl\/wp-content\/uploads\/2015\/07\/logotyp_itb.png\" alt=\"\" width=\"170\" height=\"90\"><\/div>\n\n            <div class=\"esg-entry-cover\">\n\n                <div class=\"esg-overlay esg-slide eg-home-clients-container\" data-delay=\"0\"><\/div>\n\n\t\t\t\t<div class=\"esg-center eg-post-145 eg-home-clients-element-16 esg-flipdown\" data-delay=\"0.1\">INSTYTUT TECHNOLOGII BUDOWLANEJ<\/div>\n           <\/div>\n   <\/div>\n\n<\/li>\n<li id=\"eg-4-post-id-175\" class=\"filterall filter-client eg-home-clients-wrapper eg-post-id-175\" data-date=\"1438230378\">\n    <div class=\"esg-media-cover-wrapper\">\n<div class=\"esg-entry-media\"><\/div>\n\n            <div class=\"esg-entry-cover\">\n\n                <div class=\"esg-overlay esg-slide eg-home-clients-container\" data-delay=\"0\"><\/div>\n\n\t\t\t\t<div class=\"esg-center eg-post-175 eg-home-clients-element-16 esg-flipdown\" data-delay=\"0.1\">Firma 01<\/div>\n           <\/div>\n   <\/div>\n\n<\/li>\n<\/ul>\n    <\/div>\n\n<\/article>\n<div class=\"clear\"><\/div>\n<script type=\"text\/javascript\">\nfunction eggbfc(winw,resultoption) {\n\tvar lasttop = winw,\n\tlastbottom = 0,\n\tsmallest =9999,\n\tlargest = 0,\n\tsamount = 0,\n\tlamoung = 0,\n\tlastamount = 0,\n\tresultid = 0,\n\tresultidb = 0,\n\tresponsiveEntries = [\n\t\t\t\t\t\t{ width:1400,amount:6,mmheight:0},\n\t\t\t\t\t\t{ width:1170,amount:6,mmheight:0},\n\t\t\t\t\t\t{ width:1024,amount:6,mmheight:0},\n\t\t\t\t\t\t{ width:960,amount:6,mmheight:0},\n\t\t\t\t\t\t{ width:778,amount:3,mmheight:0},\n\t\t\t\t\t\t{ width:640,amount:3,mmheight:0},\n\t\t\t\t\t\t{ width:480,amount:1,mmheight:0}\n\t\t\t\t\t\t];\n\tif (responsiveEntries!=undefined && responsiveEntries.length>0)\n\t\tjQuery.each(responsiveEntries, function(index,obj) {\n\t\t\tvar curw = obj.width != undefined ? obj.width : 0,\n\t\t\t\tcura = obj.amount != undefined ? obj.amount : 0;\n\t\t\tif (smallest>curw) {\n\t\t\t\tsmallest = curw;\n\t\t\t\tsamount = cura;\n\t\t\t\tresultidb = index;\n\t\t\t}\n\t\t\tif (largest<curw) {\n\t\t\t\tlargest = curw;\n\t\t\t\tlamount = cura;\n\t\t\t}\n\t\t\tif (curw>lastbottom && curw<=lasttop) {\n\t\t\t\tlastbottom = curw;\n\t\t\t\tlastamount = cura;\n\t\t\t\tresultid = index;\n\t\t\t}\n\t\t});\n\t\tif (smallest>winw) {\n\t\t\tlastamount = samount;\n\t\t\tresultid = resultidb;\n\t\t}\n\t\tvar obj = new Object;\n\t\tobj.index = resultid;\n\t\tobj.column = lastamount;\n\t\tif (resultoption==\"id\")\n\t\t\treturn obj;\n\t\telse\n\t\t\treturn lastamount;\n\t}\nif (\"even\"==\"even\") {\n\tvar coh=0,\n\t\tcontainer = jQuery(\"#esg-grid-4-1\");\n\tvar\tcwidth = container.width(),\n\t\tar = \"170:90\",\n\t\tgbfc = eggbfc(jQuery(window).width(),\"id\"),\n\trow = 1;\nar = ar.split(\":\");\naratio=parseInt(ar[0],0) \/ parseInt(ar[1],0);\ncoh = cwidth \/ aratio;\ncoh = coh\/gbfc.column*row;\n\tvar ul = container.find(\"ul\").first();\n\tul.css({display:\"block\",height:coh+\"px\"});\n}\nvar essapi_4;\njQuery(document).ready(function() {\n\tessapi_4 = jQuery(\"#esg-grid-4-1\").tpessential({\n        gridID:4,\n        layout:\"even\",\n        forceFullWidth:\"off\",\n        lazyLoad:\"off\",\n        row:1,\n        loadMoreAjaxToken:\"58468dd38d\",\n        loadMoreAjaxUrl:\"https:\/\/www.stropy-filigran.pl\/wp-admin\/admin-ajax.php\",\n        loadMoreAjaxAction:\"Essential_Grid_Front_request_ajax\",\n        ajaxContentTarget:\"ess-grid-ajax-container-\",\n        ajaxScrollToOffset:\"0\",\n        ajaxCloseButton:\"off\",\n        ajaxContentSliding:\"on\",\n        ajaxScrollToOnLoad:\"on\",\n        ajaxNavButton:\"off\",\n        ajaxCloseType:\"type1\",\n        ajaxCloseInner:\"false\",\n        ajaxCloseStyle:\"light\",\n        ajaxClosePosition:\"tr\",\n        space:12,\n        pageAnimation:\"fade\",\n        paginationScrollToTop:\"off\",\n        spinner:\"spinner3\",\n        spinnerColor:\"#FFFFFF\",\n        evenGridMasonrySkinPusher:\"off\",\n        lightBoxMode:\"single\",\n        animSpeed:1000,\n        delayBasic:1,\n        mainhoverdelay:1,\n        filterType:\"single\",\n        showDropFilter:\"hover\",\n        filterGroupClass:\"esg-fgc-4\",\n        googleFonts:['Open+Sans:300,400,600,700,800','Raleway:100,200,300,400,500,600,700,800,900','Droid+Serif:400,700'],\n        aspectratio:\"170:90\",\n        responsiveEntries: [\n\t\t\t\t\t\t{ width:1400,amount:6,mmheight:0},\n\t\t\t\t\t\t{ width:1170,amount:6,mmheight:0},\n\t\t\t\t\t\t{ width:1024,amount:6,mmheight:0},\n\t\t\t\t\t\t{ width:960,amount:6,mmheight:0},\n\t\t\t\t\t\t{ width:778,amount:3,mmheight:0},\n\t\t\t\t\t\t{ width:640,amount:3,mmheight:0},\n\t\t\t\t\t\t{ width:480,amount:1,mmheight:0}\n\t\t\t\t\t\t]\n\t});\n\n});\n<\/script>\n[vc_empty_space height=&#8221;30px&#8221;][\/vc_column][\/vc_row][vc_row][vc_column][\/vc_column][\/vc_row]","protected":false},"excerpt":{"rendered":"<p>[vc_row][vc_column][vc_custom_heading text=&#8221;Wsp\u00f3\u0142praca&#8221; font_container=&#8221;tag:div|font_size:26|text_align:left|color:%23000000&#8243; use_theme_fonts=&#8221;yes&#8221; css=&#8221;.vc_custom_1488727460108{margin-bottom: 20px !important;}&#8221;][vc_custom_heading text=&#8221;Wsp\u00f3\u0142pracujemy z ma\u0142ymi i du\u017cymi i firmami budowlanymi oraz z hurtowniami materia\u0142\u00f3w budowlanych. [&hellip;]<\/p>\n","protected":false},"author":1,"featured_media":1500,"parent":333,"menu_order":0,"comment_status":"open","ping_status":"open","template":"","meta":[],"_links":{"self":[{"href":"https:\/\/www.stropy-filigran.pl\/index.php?rest_route=\/wp\/v2\/pages\/254"}],"collection":[{"href":"https:\/\/www.stropy-filigran.pl\/index.php?rest_route=\/wp\/v2\/pages"}],"about":[{"href":"https:\/\/www.stropy-filigran.pl\/index.php?rest_route=\/wp\/v2\/types\/page"}],"author":[{"embeddable":true,"href":"https:\/\/www.stropy-filigran.pl\/index.php?rest_route=\/wp\/v2\/users\/1"}],"replies":[{"embeddable":true,"href":"https:\/\/www.stropy-filigran.pl\/index.php?rest_route=%2Fwp%2Fv2%2Fcomments&post=254"}],"version-history":[{"count":23,"href":"https:\/\/www.stropy-filigran.pl\/index.php?rest_route=\/wp\/v2\/pages\/254\/revisions"}],"predecessor-version":[{"id":1508,"href":"https:\/\/www.stropy-filigran.pl\/index.php?rest_route=\/wp\/v2\/pages\/254\/revisions\/1508"}],"up":[{"embeddable":true,"href":"https:\/\/www.stropy-filigran.pl\/index.php?rest_route=\/wp\/v2\/pages\/333"}],"wp:featuredmedia":[{"embeddable":true,"href":"https:\/\/www.stropy-filigran.pl\/index.php?rest_route=\/wp\/v2\/media\/1500"}],"wp:attachment":[{"href":"https:\/\/www.stropy-filigran.pl\/index.php?rest_route=%2Fwp%2Fv2%2Fmedia&parent=254"}],"curies":[{"name":"wp","href":"https:\/\/api.w.org\/{rel}","templated":true}]}}